{"id":209,"date":"2024-09-23T17:05:24","date_gmt":"2024-09-23T17:05:24","guid":{"rendered":"https:\/\/www.alprohome.it\/contatti"},"modified":"2024-09-30T11:47:43","modified_gmt":"2024-09-30T11:47:43","slug":"kontakt","status":"publish","type":"page","link":"https:\/\/www.alprohome.it\/de\/kontakt","title":{"rendered":"Kontakt"},"content":{"rendered":"<div class=\"fusion-fullwidth fullwidth-box fusion-builder-row-1 fusion-flex-container has-pattern-background has-mask-background nonhundred-percent-fullwidth non-hundred-percent-height-scrolling\" style=\"--awb-border-radius-top-left:0px;--awb-border-radius-top-right:0px;--awb-border-radius-bottom-right:0px;--awb-border-radius-bottom-left:0px;--awb-padding-top:50px;--awb-padding-bottom:50px;--awb-background-color:#ededed;--awb-flex-wrap:wrap;\" ><div class=\"fusion-builder-row fusion-row fusion-flex-align-items-flex-start fusion-flex-content-wrap\" style=\"max-width:1352px;margin-left: calc(-4% \/ 2 );margin-right: calc(-4% \/ 2 );\"><div class=\"fusion-layout-column fusion_builder_column fusion-builder-column-0 fusion_builder_column_1_1 1_1 fusion-flex-column fusion-animated\" style=\"--awb-bg-size:cover;--awb-width-large:100%;--awb-margin-top-large:0px;--awb-spacing-right-large:1.92%;--awb-margin-bottom-large:20px;--awb-spacing-left-large:1.92%;--awb-width-medium:100%;--awb-order-medium:0;--awb-spacing-right-medium:1.92%;--awb-spacing-left-medium:1.92%;--awb-width-small:100%;--awb-order-small:0;--awb-spacing-right-small:1.92%;--awb-spacing-left-small:1.92%;\" data-animationType=\"fadeInDown\" data-animationDuration=\"5.0\" data-animationOffset=\"top-into-view\" data-scroll-devices=\"small-visibility,medium-visibility,large-visibility\"><div class=\"fusion-column-wrapper fusion-column-has-shadow fusion-flex-justify-content-flex-start fusion-content-layout-column\"><i class=\"fb-icon-element-1 fb-icon-element fontawesome-icon fa-info fas circle-no\" style=\"--awb-iconcolor:var(--awb-color6);--awb-font-size:40px;--awb-align-self:center;--awb-margin-top:0px;--awb-margin-right:0px;--awb-margin-bottom:50px;--awb-margin-left:0px;\"><\/i><div class=\"fusion-separator\" style=\"align-self: center;margin-left: auto;margin-right: auto;margin-bottom:20px;width:100%;max-width:40%;\"><div class=\"fusion-separator-border sep-shadow\" style=\"--awb-height:20px;--awb-amount:20px;background:radial-gradient(ellipse at 50% -50% , var(--awb-color3) 0px, rgba(255, 255, 255, 0) 80%) repeat scroll 0 0 rgba(0, 0, 0, 0);background:-webkit-radial-gradient(ellipse at 50% -50% , var(--awb-color3) 0px, rgba(255, 255, 255, 0) 80%) repeat scroll 0 0 rgba(0, 0, 0, 0);background:-moz-radial-gradient(ellipse at 50% -50% , var(--awb-color3) 0px, rgba(255, 255, 255, 0) 80%) repeat scroll 0 0 rgba(0, 0, 0, 0);background:-o-radial-gradient(ellipse at 50% -50% , var(--awb-color3) 0px, rgba(255, 255, 255, 0) 80%) repeat scroll 0 0 rgba(0, 0, 0, 0);\"><\/div><\/div><\/div><\/div><div class=\"fusion-layout-column fusion_builder_column fusion-builder-column-1 fusion_builder_column_1_2 1_2 fusion-flex-column fusion-flex-align-self-flex-start landing-col-contatti fusion-animated\" style=\"--awb-padding-top:20px;--awb-bg-size:cover;--awb-width-large:50%;--awb-margin-top-large:0px;--awb-spacing-right-large:3.84%;--awb-margin-bottom-large:20px;--awb-spacing-left-large:3.84%;--awb-width-medium:50%;--awb-order-medium:0;--awb-spacing-right-medium:3.84%;--awb-spacing-left-medium:3.84%;--awb-width-small:100%;--awb-order-small:0;--awb-spacing-right-small:1.92%;--awb-spacing-left-small:1.92%;\" data-animationType=\"slideInLeft\" data-animationDuration=\"3.0\" data-animationOffset=\"top-into-view\" data-scroll-devices=\"small-visibility,medium-visibility,large-visibility\"><div class=\"fusion-column-wrapper fusion-column-has-shadow fusion-flex-justify-content-flex-start fusion-content-layout-column\"><div class=\"fusion-image-element \" style=\"--awb-margin-bottom:30px;--awb-max-width:250px;--awb-caption-title-font-family:var(--h2_typography-font-family);--awb-caption-title-font-weight:var(--h2_typography-font-weight);--awb-caption-title-font-style:var(--h2_typography-font-style);--awb-caption-title-size:var(--h2_typography-font-size);--awb-caption-title-transform:var(--h2_typography-text-transform);--awb-caption-title-line-height:var(--h2_typography-line-height);--awb-caption-title-letter-spacing:var(--h2_typography-letter-spacing);\"><span class=\" fusion-imageframe imageframe-none imageframe-1 hover-type-none\"><img decoding=\"async\" width=\"254\" height=\"188\" title=\"logo-normal-ael-cartongesso-bolzano-intonaco-merano-cappotto-termico-bressanone-alto-adige-artigiano-pittore-bolzano\" src=\"https:\/\/www.alprohome.it\/wp-content\/uploads\/logo-normal-ael-cartongesso-bolzano-intonaco-merano-cappotto-termico-bressanone-alto-adige-artigiano-pittore-bolzano.png\" alt class=\"img-responsive wp-image-138\" srcset=\"https:\/\/www.alprohome.it\/wp-content\/uploads\/logo-normal-ael-cartongesso-bolzano-intonaco-merano-cappotto-termico-bressanone-alto-adige-artigiano-pittore-bolzano-200x148.png 200w, https:\/\/www.alprohome.it\/wp-content\/uploads\/logo-normal-ael-cartongesso-bolzano-intonaco-merano-cappotto-termico-bressanone-alto-adige-artigiano-pittore-bolzano.png 254w\" sizes=\"(max-width: 640px) 100vw, 254px\" \/><\/span><\/div><i class=\"fb-icon-element-2 fb-icon-element fontawesome-icon fa-building fas circle-no contatti-icona\" style=\"--awb-iconcolor:var(--awb-color6);--awb-iconcolor-hover:var(--awb-color7);--awb-font-size:20px;--awb-margin-top:0;--awb-margin-right:10px;--awb-margin-bottom:0;--awb-margin-left:0;--awb-align-self:flex-start;\"><\/i><div class=\"fusion-text fusion-text-1 contatti-txt-info\" style=\"--awb-text-transform:none;--awb-text-color:var(--awb-color6);\"><p><strong>A&amp;L Pro Home<br \/>\n<\/strong><\/p>\n<\/div><a class=\"fb-icon-element-3 fb-icon-element fontawesome-icon fa-map-marker-alt fas circle-no fusion-link contatti-icona\" style=\"--awb-iconcolor:var(--awb-color6);--awb-iconcolor-hover:var(--awb-color7);--awb-font-size:20px;--awb-margin-top:0;--awb-margin-right:10px;--awb-margin-bottom:0;--awb-margin-left:0;--awb-align-self:flex-start;\" href=\"\/&amp;?p=2476\" target=\"_blank\" aria-label=\"Link to \/&#038;?p=2476\" rel=\"noopener noreferrer\"><\/a><div class=\"fusion-text fusion-text-2 contatti-txt-info\" style=\"--awb-text-transform:none;--awb-text-color:var(--awb-color6);\"><p>Bozner Stra\u00dfe, 11\/A &#8211; 39011 Lana<\/p>\n<\/div><a class=\"fb-icon-element-4 fb-icon-element fontawesome-icon fa-phone-alt fas circle-no fusion-link contatti-icona\" style=\"--awb-iconcolor:var(--awb-color6);--awb-iconcolor-hover:var(--awb-color7);--awb-font-size:20px;--awb-margin-top:0;--awb-margin-right:10px;--awb-margin-bottom:0;--awb-margin-left:0;--awb-align-self:flex-start;\" href=\"tel:+390471795157\" target=\"_blank\" aria-label=\"Link to tel:+390471795157\" rel=\"noopener noreferrer\"><\/a><div class=\"fusion-text fusion-text-3 contatti-txt-info\" style=\"--awb-text-transform:none;--awb-text-color:var(--awb-color6);\"><p style=\"text-align: left;\"><a href=\"tel:+393428296005\" target=\"_blank\" rel=\"noopener\">T. +39 342 8296005<\/a><\/p>\n<\/div><a class=\"fb-icon-element-5 fb-icon-element fontawesome-icon fa-at fas circle-no fusion-link contatti-icona\" style=\"--awb-iconcolor:var(--awb-color6);--awb-iconcolor-hover:var(--awb-color7);--awb-font-size:20px;--awb-margin-top:0;--awb-margin-right:10px;--awb-margin-bottom:0;--awb-margin-left:0;--awb-align-self:flex-start;\" href=\"mailto:info@europavalgardena.com\" target=\"_blank\" aria-label=\"Link to mailto:info@europavalgardena.com\" rel=\"noopener noreferrer\"><\/a><div class=\"fusion-text fusion-text-4 contatti-txt-info\" style=\"--awb-text-transform:none;--awb-text-color:var(--awb-color6);\"><p><a href=\"mailto:info@alprohome.it\">info@alprohome.it<\/a><\/p>\n<\/div><div class=\"fusion-social-links fusion-social-links-1\" style=\"--awb-margin-top:0px;--awb-margin-right:0px;--awb-margin-bottom:0px;--awb-margin-left:0px;--awb-box-border-top:0px;--awb-box-border-right:0px;--awb-box-border-bottom:0px;--awb-box-border-left:0px;--awb-icon-colors-hover:var(--awb-color4);--awb-box-colors-hover:var(--awb-color1);--awb-box-border-color:var(--awb-color3);--awb-box-border-color-hover:var(--awb-color4);\"><div class=\"fusion-social-networks color-type-custom\"><div class=\"fusion-social-networks-wrapper\"><a class=\"fusion-social-network-icon fusion-tooltip fusion-facebook awb-icon-facebook\" style=\"color:var(--awb-color8);font-size:16px;\" data-placement=\"top\" data-title=\"Facebook\" data-toggle=\"tooltip\" title=\"Facebook\" aria-label=\"facebook\" target=\"_blank\" rel=\"noopener noreferrer\" href=\"https:\/\/www.facebook.com\/al.prohome\"><\/a><a class=\"fusion-social-network-icon fusion-tooltip fusion-instagram awb-icon-instagram\" style=\"color:var(--awb-color8);font-size:16px;\" data-placement=\"top\" data-title=\"Instagram\" data-toggle=\"tooltip\" title=\"Instagram\" aria-label=\"instagram\" target=\"_blank\" rel=\"noopener noreferrer\" href=\"https:\/\/www.instagram.com\/al.prohome\"><\/a><a class=\"fusion-social-network-icon fusion-tooltip fusion-whatsapp awb-icon-whatsapp\" style=\"color:var(--awb-color8);font-size:16px;\" data-placement=\"top\" data-title=\"WhatsApp\" data-toggle=\"tooltip\" title=\"WhatsApp\" aria-label=\"whatsapp\" target=\"_blank\" rel=\"noopener noreferrer\" href=\"https:\/\/api.whatsapp.com\/send\/?phone=%2B393428296005&amp;text&amp;type=phone_number&amp;app_absent=0\"><\/a><a class=\"fusion-social-network-icon fusion-tooltip fusion-mail awb-icon-mail\" style=\"color:var(--awb-color8);font-size:16px;\" data-placement=\"top\" data-title=\"Email\" data-toggle=\"tooltip\" title=\"Email\" aria-label=\"mail\" target=\"_blank\" rel=\"noopener noreferrer\" href=\"mailto:&#105;n&#102;o&#064;a&#108;proho&#109;&#101;.&#105;&#116;\"><\/a><a class=\"fusion-social-network-icon fusion-tooltip fusion-phone awb-icon-phone\" style=\"color:var(--awb-color8);font-size:16px;\" data-placement=\"top\" data-title=\"Phone\" data-toggle=\"tooltip\" title=\"Phone\" aria-label=\"phone\" target=\"_self\" rel=\"noopener noreferrer\" href=\"tel:+390471532087\"><\/a><\/div><\/div><\/div><\/div><\/div><div class=\"fusion-layout-column fusion_builder_column fusion-builder-column-2 fusion_builder_column_1_2 1_2 fusion-flex-column fusion-animated\" style=\"--awb-bg-size:cover;--awb-width-large:50%;--awb-margin-top-large:0px;--awb-spacing-right-large:3.84%;--awb-margin-bottom-large:20px;--awb-spacing-left-large:3.84%;--awb-width-medium:50%;--awb-order-medium:0;--awb-spacing-right-medium:3.84%;--awb-spacing-left-medium:3.84%;--awb-width-small:100%;--awb-order-small:0;--awb-spacing-right-small:1.92%;--awb-spacing-left-small:1.92%;\" data-animationType=\"slideInRight\" data-animationDuration=\"2.3\" data-animationOffset=\"top-into-view\" data-scroll-devices=\"small-visibility,medium-visibility,large-visibility\"><div class=\"fusion-column-wrapper fusion-column-has-shadow fusion-flex-justify-content-flex-start fusion-content-layout-column\"><div class=\"fusion-text fusion-text-5\" style=\"--awb-font-size:30px;--awb-text-font-family:&quot;Playfair Display&quot;;--awb-text-font-style:normal;--awb-text-font-weight:400;\"><p style=\"text-align: center;\">Unser Team steht Ihnen jederzeit zur Verf\u00fcgung<\/p>\n<\/div><div class=\"fusion-text fusion-text-6\"><div id=\"quform-80f469\" class=\"quform quform-2 quform-theme-light quform-support-page-caching\"><form id=\"quform-form-80f469\" class=\"quform-form quform-form-2\" action=\"\/de\/wp-json\/wp\/v2\/pages\/209#quform-80f469\" method=\"post\" enctype=\"multipart\/form-data\" novalidate=\"novalidate\" data-options=\"{&quot;id&quot;:2,&quot;uniqueId&quot;:&quot;80f469&quot;,&quot;theme&quot;:&quot;light&quot;,&quot;ajax&quot;:true,&quot;logic&quot;:{&quot;logic&quot;:[],&quot;dependents&quot;:[],&quot;elementIds&quot;:[],&quot;dependentElementIds&quot;:[],&quot;animate&quot;:true},&quot;currentPageId&quot;:12,&quot;errorsIcon&quot;:&quot;&quot;,&quot;updateFancybox&quot;:true,&quot;hasPages&quot;:false,&quot;pages&quot;:[12],&quot;pageProgressType&quot;:&quot;numbers&quot;,&quot;tooltipsEnabled&quot;:true,&quot;tooltipClasses&quot;:&quot;qtip-plain qtip-shadow&quot;,&quot;tooltipMy&quot;:&quot;left center&quot;,&quot;tooltipAt&quot;:&quot;right center&quot;,&quot;isRtl&quot;:false,&quot;scrollOffset&quot;:-50,&quot;scrollSpeed&quot;:800}\"><button class=\"quform-default-submit\" name=\"quform_submit\" type=\"submit\" value=\"submit\" aria-hidden=\"true\" tabindex=\"-1\"><\/button><div class=\"quform-form-inner quform-form-inner-2\"><input type=\"hidden\" name=\"quform_form_id\" value=\"2\" \/><input type=\"hidden\" name=\"quform_form_uid\" value=\"80f469\" \/><input type=\"hidden\" name=\"quform_count\" value=\"1\" \/><input type=\"hidden\" name=\"form_url\" value=\"https:\/\/www.alprohome.it\/de\/wp-json\/wp\/v2\/pages\/209\" \/><input type=\"hidden\" name=\"referring_url\" value=\"\" \/><input type=\"hidden\" name=\"post_id\" value=\"\" \/><input type=\"hidden\" name=\"post_title\" value=\"\" \/><input type=\"hidden\" name=\"quform_current_page_id\" value=\"12\" \/><input type=\"hidden\" name=\"quform_csrf_token\" value=\"elblp4Tbr3O6pAojsfpWIWeRpU1vmBrsMqqd1Crh\" \/><div class=\"quform-elements quform-elements-2 quform-cf quform-responsive-elements-phone-landscape\"><div class=\"quform-element quform-element-page quform-page-12 quform-page-2_12 quform-cf quform-group-style-plain quform-first-page quform-last-page quform-current-page\"><div class=\"quform-child-elements\"><div class=\"quform-element quform-element-group quform-element-2_10 quform-cf quform-group-style-plain\"><div class=\"quform-spacer\"><div class=\"quform-child-elements\"><div class=\"quform-element quform-element-row quform-element-row-2_13 quform-1-columns quform-element-row-size-fixed quform-responsive-columns-phone-landscape\"><div class=\"quform-element quform-element-column quform-element-2_14\"><div class=\"quform-element quform-element-text quform-element-2_1 quform-cf quform-labels-inside quform-element-required\"><div class=\"quform-spacer\"><div class=\"quform-label quform-label-2_1\"><label class=\"quform-label-text\" for=\"quform_2_1_80f469\">Vorname und Nachname<span class=\"quform-required\">*<\/span><\/label><\/div><div class=\"quform-inner quform-inner-text quform-inner-2_1\"><div class=\"quform-input quform-input-text quform-input-2_1 quform-cf\"><input type=\"text\" id=\"quform_2_1_80f469\" name=\"quform_2_1\" class=\"quform-field quform-field-text quform-field-2_1\" \/><\/div><\/div><\/div><\/div><div class=\"quform-element quform-element-text quform-element-2_2 quform-cf quform-labels-inside quform-element-required\"><div class=\"quform-spacer\"><div class=\"quform-label quform-label-2_2\"><label class=\"quform-label-text\" for=\"quform_2_2_80f469\">Telefon<span class=\"quform-required\">*<\/span><\/label><\/div><div class=\"quform-inner quform-inner-text quform-inner-2_2\"><div class=\"quform-input quform-input-text quform-input-2_2 quform-cf\"><input type=\"text\" id=\"quform_2_2_80f469\" name=\"quform_2_2\" class=\"quform-field quform-field-text quform-field-2_2\" \/><\/div><\/div><\/div><\/div><div class=\"quform-element quform-element-email quform-element-2_9 quform-cf quform-labels-inside quform-element-required\"><div class=\"quform-spacer\"><div class=\"quform-label quform-label-2_9\"><label class=\"quform-label-text\" for=\"quform_2_9_80f469\">Email<span class=\"quform-required\">*<\/span><\/label><\/div><div class=\"quform-inner quform-inner-email quform-inner-2_9\"><div class=\"quform-input quform-input-email quform-input-2_9 quform-cf\"><input type=\"email\" id=\"quform_2_9_80f469\" name=\"quform_2_9\" class=\"quform-field quform-field-email quform-field-2_9\" \/><\/div><\/div><\/div><\/div><div class=\"quform-element quform-element-text quform-element-2_4 quform-cf quform-labels-inside quform-element-required\"><div class=\"quform-spacer\"><div class=\"quform-label quform-label-2_4\"><label class=\"quform-label-text\" for=\"quform_2_4_80f469\">Stadt<span class=\"quform-required\">*<\/span><\/label><\/div><div class=\"quform-inner quform-inner-text quform-inner-2_4\"><div class=\"quform-input quform-input-text quform-input-2_4 quform-cf\"><input type=\"text\" id=\"quform_2_4_80f469\" name=\"quform_2_4\" class=\"quform-field quform-field-text quform-field-2_4\" \/><\/div><\/div><\/div><\/div><div class=\"quform-element quform-element-textarea quform-element-2_5 quform-cf quform-labels-inside quform-element-optional\"><div class=\"quform-spacer\"><div class=\"quform-label quform-label-2_5\"><label class=\"quform-label-text\" for=\"quform_2_5_80f469\">Nachricht<\/label><\/div><div class=\"quform-inner quform-inner-textarea quform-inner-2_5\"><div class=\"quform-input quform-input-textarea quform-input-2_5 quform-cf\"><textarea id=\"quform_2_5_80f469\" name=\"quform_2_5\" class=\"quform-field quform-field-textarea quform-field-2_5\" maxlength=\"1000\"><\/textarea><\/div><\/div><\/div><\/div><div class=\"quform-element quform-element-checkbox quform-element-2_7 quform-cf quform-element-required\"><div class=\"quform-spacer\"><div class=\"quform-label quform-label-2_7\"><label class=\"quform-label-text\" id=\"quform_2_7_80f469_label\">Ich akzeptiere die Datenschutzerkl\u00e4rung<span class=\"quform-required\">*<\/span><\/label><\/div><div class=\"quform-inner quform-inner-checkbox quform-inner-2_7\"><div class=\"quform-input quform-input-checkbox quform-input-2_7 quform-cf\"><div class=\"quform-options quform-cf quform-options-block quform-options-simple\" role=\"group\" aria-labelledby=\"quform_2_7_80f469_label\"><div class=\"quform-option\"><input type=\"checkbox\" name=\"quform_2_7[]\" id=\"quform_2_7_80f469_1\" class=\"quform-field quform-field-checkbox quform-field-2_7 quform-field-2_7_1\" value=\"Ja, ich erlaube die Verarbeitung meiner pers\u00f6nlichen Daten, gesch\u00fctzt gem\u00e4\u00df dem Gesetzesdekret Nr. 196 vom 30. Juni 2003 und der DSGVO (EU-Verordnung 2016\/679).\" \/><label for=\"quform_2_7_80f469_1\" class=\"quform-option-label quform-option-label-2_7_1\"><span class=\"quform-option-text\">Ja, ich erlaube die Verarbeitung meiner pers\u00f6nlichen Daten, gesch\u00fctzt gem\u00e4\u00df dem Gesetzesdekret Nr. 196 vom 30. Juni 2003 und der DSGVO (EU-Verordnung 2016\/679).<\/span><\/label><\/div><\/div><\/div><p class=\"quform-description quform-description-below\"><a href=\"https:\/\/www.alprohome.it\/de\/privacy\" target=\"_blank\" rel=\"noopener\">Alles lesen<\/a><\/p><\/div><\/div><\/div><div class=\"quform-element quform-element-captcha quform-element-2_8 quform-cf quform-labels-inside quform-element-required\"><div class=\"quform-spacer\"><div class=\"quform-label quform-label-2_8\"><label class=\"quform-label-text\" for=\"quform_2_8_80f469\">Digita i caratteri<span class=\"quform-required\">*<\/span><\/label><\/div><div class=\"quform-inner quform-inner-captcha quform-inner-2_8\"><div class=\"quform-input quform-input-captcha quform-input-2_8 quform-cf\"><input type=\"text\" id=\"quform_2_8_80f469\" name=\"quform_2_8\" class=\"quform-field quform-field-captcha quform-field-2_8\" \/><\/div><div class=\"quform-captcha quform-cf\"><div class=\"quform-captcha-image quform-captcha-image-2_8\"><img decoding=\"async\" class=\"quform-captcha-image-img\" src=\"data:image\/png;base64,iVBORw0KGgoAAAANSUhEUgAAAOYAAABQBAMAAAD\/1xTgAAAAG1BMVEUAAAAbGxs2NjZeXl5RUVFDQ0MoKCgNDQ1sbGwcn2T9AAAAAXRSTlMAQObYZgAAAAlwSFlzAAAOxAAADsQBlSsOGwAAA9JJREFUaIHtV01T2zAQjRJicWToFHKEQtocAy1BR6ZA6yMfTetjCgPk6CE05FjqQPdnV9Lqy1DbgqSHzugdMoli7dNqd9+ua7WAgICAgICAgICAgID\/HeQyNV833x9elTx6\/XU+lBGDbAm\/0hg4vhU\/y+BoVjrS7q\/XOpzmHn8PBaU5wV+OB\/BzRkruIWeQPHvK5KfVFQZ3JZzd2SgpA4NfYqEFD\/yzCdOSHYV34IeRJvzCvRULDAa4XLiFXN0+h2Hc7z\/KyERRZgQ5I3SwVca5AWnhn09wI6xvuxuoWFjZ4J\/rmEQNeNiE7OMIL7rIyJo3JUGXph1rrw7SL5623Rh2a9JBgfv2wN1Jz2z5igTwLxYTOzAGmwC\/kfouepsiu8Ru7rC8ZLN36of41z9xub3ty+Qx5x4eXvnOrfdqtAOZG4HEPWiSxfKcfmAiS6gwYAxqzlgrApN3zethz+5rqlIiMv9IOpHl5AdQpYdFIUA31D0ZP\/GuaxNXE7gyZQecNFH7GvqAHlCGweZkopQgAnV0qvKj6Zpl4l4j4Sr+btpDVyLBKDETjjooOR8q9wTnAP+xOsTZhNMtw0nAv0AnAFvSz65dEDg81WIr\/lSc1pUGrqmywofWPClpJJ2idgd370KXj9LQGDldvZ3gdwImdWI3w8oQwedzKSGJuZkOj9pQiYBZOkLfrG4MkYuAiUnHt5txM7zuIBtEps8PeYCxRRtlmaDhoZO3HVwi5v55aAs7XR4TfnRRnNMlZwl6aSRIe3qpLvPMsS84ZfwjKyWLxWqchzy6UDFb0CJvs2N69ua7fYyrwyrpuJmpOJt2baG4u+aBQSAMbMvFhr2Ta8E3GN+cJEjOhiWKfItFjRsL9tqoap7ZwH3uXPYex+YEM6ZlL5Q6il0GfjapCNSOUK90neRJX+\/nXW\/gYRNH2T1HP17ZUhGoTXk7Ck3LrgpHB+J2sMSvm0nNOZap0NW2RA6PTx+F7yliIY8jt1MP\/Qp0UQ6UO21m9tbVLV8zgNJRjtOdXOSeafl10Cbs6nkrNZzosRhxy+5KyYaeylaFn35de5xGGEBdn6aBiVwuvVwpG7pURlw+Y\/\/pRO41bwUUjNpDhbCQ9j7TB+STyflzprDacv\/ERsVOVqy685tSiUViZH6a8BRyDtxekpGtnHCYvk45GW69kFK\/q3w4YFCVE6ntuqOqei7HDyMKFfFZgANTKvQ0\/yrwYtKK+LScUpkZ16r0Sl6rDedOmW48B\/SCBzNbr3gKK9t\/kq7ErcfrJN2Eqhr+BxgnvkPQPLE8r3gGBAQEBMwDfwAYe7+ISkcxIgAAAABJRU5ErkJggg==\" alt=\"CAPTCHA image\" data-element-id=\"8\" width=\"115\" height=\"40\" \/><\/div><\/div><\/div><\/div><\/div><\/div><\/div><\/div><\/div><\/div><div class=\"quform-element quform-element-submit quform-element-2_15 quform-cf quform-button-style-classic quform-button-width-medium\"><div class=\"quform-button-submit quform-button-submit-default quform-button-submit-2_15\" data-animation=\"two\"><button name=\"quform_submit\" type=\"submit\" class=\"quform-submit\" value=\"submit\"><span class=\"quform-button-text quform-button-submit-text\">Senden<\/span><\/button><\/div><div class=\"quform-loading quform-loading-position-left quform-loading-type-spinner-1\"><div class=\"quform-loading-inner\"><div class=\"quform-loading-spinner\"><div class=\"quform-loading-spinner-inner\"><\/div><\/div><\/div><\/div><\/div><div class=\"quform-element-tree\"><label for=\"quform_2_0_80f469\">This field should be left blank<\/label><input type=\"text\" id=\"quform_2_0_80f469\" name=\"quform_2_0\" class=\"quform-field quform-field-tree quform-field-2_0\" tabindex=\"-1\" autocomplete=\"off\" \/><\/div><\/div><\/div><\/div><\/div><\/form><\/div>\n<\/div><\/div><\/div><\/div><\/div>\n","protected":false},"excerpt":{"rendered":"","protected":false},"author":1,"featured_media":0,"parent":0,"menu_order":0,"comment_status":"closed","ping_status":"closed","template":"100-width.php","meta":{"footnotes":""},"class_list":["post-209","page","type-page","status-publish","hentry"],"_links":{"self":[{"href":"https:\/\/www.alprohome.it\/de\/wp-json\/wp\/v2\/pages\/209","targetHints":{"allow":["GET"]}}],"collection":[{"href":"https:\/\/www.alprohome.it\/de\/wp-json\/wp\/v2\/pages"}],"about":[{"href":"https:\/\/www.alprohome.it\/de\/wp-json\/wp\/v2\/types\/page"}],"author":[{"embeddable":true,"href":"https:\/\/www.alprohome.it\/de\/wp-json\/wp\/v2\/users\/1"}],"replies":[{"embeddable":true,"href":"https:\/\/www.alprohome.it\/de\/wp-json\/wp\/v2\/comments?post=209"}],"version-history":[{"count":4,"href":"https:\/\/www.alprohome.it\/de\/wp-json\/wp\/v2\/pages\/209\/revisions"}],"predecessor-version":[{"id":234,"href":"https:\/\/www.alprohome.it\/de\/wp-json\/wp\/v2\/pages\/209\/revisions\/234"}],"wp:attachment":[{"href":"https:\/\/www.alprohome.it\/de\/wp-json\/wp\/v2\/media?parent=209"}],"curies":[{"name":"wp","href":"https:\/\/api.w.org\/{rel}","templated":true}]}}